{"id":469,"date":"2016-01-02T01:58:11","date_gmt":"2016-01-02T01:58:11","guid":{"rendered":"http:\/\/vn-themes.com\/?page_id=469"},"modified":"2024-07-02T15:29:54","modified_gmt":"2024-07-02T13:29:54","slug":"kontakt","status":"publish","type":"page","link":"https:\/\/roxana-sukienki.pl\/en\/kontakt\/","title":{"rendered":"Kontakt"},"content":{"rendered":"[vc_row fullwidth=&#8221;1&#8243;][vc_column][vc_gmaps link=&#8221;#E-8_JTNDaWZyYW1lJTIwc3JjJTNEJTIyaHR0cHMlM0ElMkYlMkZ3d3cuZ29vZ2xlLmNvbSUyRm1hcHMlMkZlbWJlZCUzRnBiJTNEJTIxMW0xOCUyMTFtMTIlMjExbTMlMjExZDQ5ODk2LjM0OTI4MDI3OTAzJTIxMmQxOS40ODA5MDE3NDUzMTkzMSUyMTNkNTEuNjU2Njg0NTMxODg3NTElMjEybTMlMjExZjAlMjEyZjAlMjEzZjAlMjEzbTIlMjExaTEwMjQlMjEyaTc2OCUyMTRmMTMuMSUyMTNtMyUyMTFtMiUyMTFzMHg0NzFhMzE2ZDIxYzJlYWQ5JTI1M0EweGViZTZmYmQ3MTFlOTBmNTIlMjEyc1J6ZW1pZSUyNUM1JTI1OUJsbmljemElMkIzNSUyNTJDJTJCOTUtMDMwJTJCUnpnJTI1QzMlMjVCM3clMjE1ZTAlMjEzbTIlMjExc3BsJTIxMnNwbCUyMTR2MTU1NjAzNDY4MjMxNyUyMTVtMiUyMTFzcGwlMjEyc3BsJTIyJTIwd2lkdGglM0QlMjI2MDAlMjIlMjBoZWlnaHQlM0QlMjI0NTAlMjIlMjBmcmFtZWJvcmRlciUzRCUyMjAlMjIlMjBzdHlsZSUzRCUyMmJvcmRlciUzQTAlMjIlMjBhbGxvd2Z1bGxzY3JlZW4lM0UlM0MlMkZpZnJhbWUlM0U=&#8221;][\/vc_column][\/vc_row][vc_row el_class=&#8221;page-contacts&#8221;][vc_column width=&#8221;1\/2&#8243; css=&#8221;.vc_custom_1451917301982{padding-right: 10px !important;padding-left: 10px !important;}&#8221;][vc_wp_text title=&#8221;Contact us!&#8221;][\/vc_wp_text]\n<div class=\"wpcf7 no-js\" id=\"wpcf7-f927-o1\" lang=\"en-US\" dir=\"ltr\">\n<div class=\"screen-reader-response\"><p role=\"status\" aria-live=\"polite\" aria-atomic=\"true\"><\/p> <ul><\/ul><\/div>\n<form action=\"\/en\/wp-json\/wp\/v2\/pages\/469#wpcf7-f927-o1\" method=\"post\" class=\"wpcf7-form init\" aria-label=\"Contact form\" novalidate=\"novalidate\" data-status=\"init\">\n<div style=\"display: none;\">\n<input type=\"hidden\" name=\"_wpcf7\" value=\"927\" \/>\n<input type=\"hidden\" name=\"_wpcf7_version\" value=\"5.9.8\" \/>\n<input type=\"hidden\" name=\"_wpcf7_locale\" value=\"en_US\" \/>\n<input type=\"hidden\" name=\"_wpcf7_unit_tag\" value=\"wpcf7-f927-o1\" \/>\n<input type=\"hidden\" name=\"_wpcf7_container_post\" value=\"0\" \/>\n<input type=\"hidden\" name=\"_wpcf7_posted_data_hash\" value=\"\" \/>\n<input type=\"hidden\" name=\"lang\" value=\"en\" \/>\n<\/div>\n<p> Your name\n<\/p>\n<p><span class=\"wpcf7-form-control-wrap\" data-name=\"your-name\"><input size=\"40\" maxlength=\"400\" class=\"wpcf7-form-control wpcf7-text wpcf7-validates-as-required\" aria-required=\"true\" aria-invalid=\"false\" value=\"\" type=\"text\" name=\"your-name\" \/><\/span>\n<\/p>\n<p>Email\n<\/p>\n<p><span class=\"wpcf7-form-control-wrap\" data-name=\"your-email\"><input size=\"40\" maxlength=\"400\" class=\"wpcf7-form-control wpcf7-email wpcf7-validates-as-required wpcf7-text wpcf7-validates-as-email\" aria-required=\"true\" aria-invalid=\"false\" value=\"\" type=\"email\" name=\"your-email\" \/><\/span>\n<\/p>\n<p>Topic\n<\/p>\n<p><span class=\"wpcf7-form-control-wrap\" data-name=\"your-subject\"><input size=\"40\" maxlength=\"400\" class=\"wpcf7-form-control wpcf7-text\" aria-invalid=\"false\" value=\"\" type=\"text\" name=\"your-subject\" \/><\/span>\n<\/p>\n<p>Message\n<\/p>\n<p><span class=\"wpcf7-form-control-wrap\" data-name=\"your-message\"><textarea cols=\"40\" rows=\"10\" maxlength=\"2000\" class=\"wpcf7-form-control wpcf7-textarea\" aria-invalid=\"false\" name=\"your-message\"><\/textarea><\/span>\n<\/p>\n<p><input class=\"wpcf7-form-control wpcf7-submit has-spinner\" type=\"submit\" value=\"Send\" \/>\n<\/p><div class=\"wpcf7-response-output\" aria-hidden=\"true\"><\/div>\n<\/form>\n<\/div>\n[\/vc_column][vc_column width=&#8221;1\/2&#8243; css=&#8221;.vc_custom_1451917293059{padding-right: 10px !important;padding-left: 10px !important;}&#8221;][vc_wp_text title=&#8221;CONTACT DETAILS&#8221;]\n<h5>C.H. PTAK<\/h5>\n<p>35 Rzemie\u015blnicza street, 95-030 Rzg\u00f3w<\/p>\n<p>Hala A box 94\/96, Hala A box 29<\/p>\n<h5>BILLING INFORMATION<\/h5>\n<p>ROXANA RENATA RUDZI\u0143SKA<\/p>\n<p>ul. Moniuszki 141\/143 lok.14,<\/p>\n<p>95-200 Pabianice<\/p>\n<p>NIP: 731 101 26 06<\/p>\n<h5>EMAIL<\/h5>\n<p><a href=\"mailto:kontakt@roxana-sukienki.pl\">kontakt@roxana-sukienki.pl<\/a><\/p>\n<h5>PHONE | VIBER | WHATSAPP<\/h5>\n<p><a href=\"tel:+48600326931\">+48 600 326 931<\/a><br \/>\n<a href=\"tel:+48696060838\">+48 696 060 838<\/a>[\/vc_wp_text][\/vc_column][\/vc_row]\n","protected":false},"excerpt":{"rendered":"<p>[vc_row fullwidth=&#8221;1&#8243;][vc_column][vc_gmaps link=&#8221;#E-8_JTNDaWZyYW1lJTIwc3JjJTNEJTIyaHR0cHMlM0ElMkYlMkZ3d3cuZ29vZ2xlLmNvbSUyRm1hcHMlMkZlbWJlZCUzRnBiJTNEJTIxMW0xOCUyMTFtMTIlMjExbTMlMjExZDQ5ODk2LjM0OTI4MDI3OTAzJTIxMmQxOS40ODA5MDE3NDUzMTkzMSUyMTNkNTEuNjU2Njg0NTMxODg3NTElMjEybTMlMjExZjAlMjEyZjAlMjEzZjAlMjEzbTIlMjExaTEwMjQlMjEyaTc2OCUyMTRmMTMuMSUyMTNtMyUyMTFtMiUyMTFzMHg0NzFhMzE2ZDIxYzJlYWQ5JTI1M0EweGViZTZmYmQ3MTFlOTBmNTIlMjEyc1J6ZW1pZSUyNUM1JTI1OUJsbmljemElMkIzNSUyNTJDJTJCOTUtMDMwJTJCUnpnJTI1QzMlMjVCM3clMjE1ZTAlMjEzbTIlMjExc3BsJTIxMnNwbCUyMTR2MTU1NjAzNDY4MjMxNyUyMTVtMiUyMTFzcGwlMjEyc3BsJTIyJTIwd2lkdGglM0QlMjI2MDAlMjIlMjBoZWlnaHQlM0QlMjI0NTAlMjIlMjBmcmFtZWJvcmRlciUzRCUyMjAlMjIlMjBzdHlsZSUzRCUyMmJvcmRlciUzQTAlMjIlMjBhbGxvd2Z1bGxzY3JlZW4lM0UlM0MlMkZpZnJhbWUlM0U=&#8221;][\/vc_column][\/vc_row][vc_row el_class=&#8221;page-contacts&#8221;][vc_column width=&#8221;1\/2&#8243; css=&#8221;.vc_custom_1451917301982{padding-right: 10px !important;padding-left: 10px !important;}&#8221;][vc_wp_text title=&#8221;Contact us!&#8221;][\/vc_wp_text][\/vc_column][vc_column width=&#8221;1\/2&#8243; css=&#8221;.vc_custom_1451917293059{padding-right: 10px !important;padding-left: 10px !important;}&#8221;][vc_wp_text title=&#8221;CONTACT DETAILS&#8221;] &hellip;<\/p>\n","protected":false},"author":1,"featured_media":0,"parent":0,"menu_order":0,"comment_status":"closed","ping_status":"closed","template":"page-templates\/page-template-fullwidth.php","meta":{"footnotes":""},"class_list":["post-469","page","type-page","status-publish","hentry"],"yoast_head":"<!-- This site is optimized with the Yoast SEO plugin v23.1 - https:\/\/yoast.com\/wordpress\/plugins\/seo\/ -->\n<title>Kontakt - Roxana sukienki<\/title>\n<meta name=\"robots\" content=\"index, follow, max-snippet:-1, max-image-preview:large, max-video-preview:-1\" \/>\n<link rel=\"canonical\" href=\"https:\/\/roxana-sukienki.pl\/kontakt\/\" \/>\n<meta property=\"og:locale\" content=\"en_US\" \/>\n<meta property=\"og:locale:alternate\" content=\"pl_PL\" \/>\n<meta property=\"og:type\" content=\"article\" \/>\n<meta property=\"og:title\" content=\"Kontakt\" \/>\n<meta property=\"og:description\" content=\"[vc_row fullwidth=&#8221;1&#8243;][vc_column][vc_gmaps link=&#8221;#E-8_JTNDaWZyYW1lJTIwc3JjJTNEJTIyaHR0cHMlM0ElMkYlMkZ3d3cuZ29vZ2xlLmNvbSUyRm1hcHMlMkZlbWJlZCUzRnBiJTNEJTIxMW0xOCUyMTFtMTIlMjExbTMlMjExZDQ5ODk2LjM0OTI4MDI3OTAzJTIxMmQxOS40ODA5MDE3NDUzMTkzMSUyMTNkNTEuNjU2Njg0NTMxODg3NTElMjEybTMlMjExZjAlMjEyZjAlMjEzZjAlMjEzbTIlMjExaTEwMjQlMjEyaTc2OCUyMTRmMTMuMSUyMTNtMyUyMTFtMiUyMTFzMHg0NzFhMzE2ZDIxYzJlYWQ5JTI1M0EweGViZTZmYmQ3MTFlOTBmNTIlMjEyc1J6ZW1pZSUyNUM1JTI1OUJsbmljemElMkIzNSUyNTJDJTJCOTUtMDMwJTJCUnpnJTI1QzMlMjVCM3clMjE1ZTAlMjEzbTIlMjExc3BsJTIxMnNwbCUyMTR2MTU1NjAzNDY4MjMxNyUyMTVtMiUyMTFzcGwlMjEyc3BsJTIyJTIwd2lkdGglM0QlMjI2MDAlMjIlMjBoZWlnaHQlM0QlMjI0NTAlMjIlMjBmcmFtZWJvcmRlciUzRCUyMjAlMjIlMjBzdHlsZSUzRCUyMmJvcmRlciUzQTAlMjIlMjBhbGxvd2Z1bGxzY3JlZW4lM0UlM0MlMkZpZnJhbWUlM0U=&#8221;][\/vc_column][\/vc_row][vc_row el_class=&#8221;page-contacts&#8221;][vc_column width=&#8221;1\/2&#8243; css=&#8221;.vc_custom_1451917301982{padding-right: 10px !important;padding-left: 10px !important;}&#8221;][vc_wp_text title=&#8221;Contact us!&#8221;][\/vc_wp_text][\/vc_column][vc_column width=&#8221;1\/2&#8243; css=&#8221;.vc_custom_1451917293059{padding-right: 10px !important;padding-left: 10px !important;}&#8221;][vc_wp_text title=&#8221;CONTACT DETAILS&#8221;] &hellip;\" \/>\n<meta property=\"og:url\" content=\"https:\/\/roxana-sukienki.pl\/en\/kontakt\/\" \/>\n<meta property=\"og:site_name\" content=\"Roxana sukienki\" \/>\n<meta property=\"article:modified_time\" content=\"2024-07-02T13:29:54+00:00\" \/>\n<meta name=\"twitter:card\" content=\"summary_large_image\" \/>\n<meta name=\"twitter:label1\" content=\"Est. reading time\" \/>\n\t<meta name=\"twitter:data1\" content=\"2 minutes\" \/>\n<script type=\"application\/ld+json\" class=\"yoast-schema-graph\">{\"@context\":\"https:\/\/schema.org\",\"@graph\":[{\"@type\":\"WebPage\",\"@id\":\"https:\/\/roxana-sukienki.pl\/kontakt\/\",\"url\":\"https:\/\/roxana-sukienki.pl\/kontakt\/\",\"name\":\"Kontakt\",\"isPartOf\":{\"@id\":\"https:\/\/roxana-sukienki.pl\/#website\"},\"datePublished\":\"2016-01-02T01:58:11+00:00\",\"dateModified\":\"2024-07-02T13:29:54+00:00\",\"breadcrumb\":{\"@id\":\"https:\/\/roxana-sukienki.pl\/kontakt\/#breadcrumb\"},\"inLanguage\":\"en-US\",\"potentialAction\":[{\"@type\":\"ReadAction\",\"target\":[\"https:\/\/roxana-sukienki.pl\/kontakt\/\"]}]},{\"@type\":\"BreadcrumbList\",\"@id\":\"https:\/\/roxana-sukienki.pl\/kontakt\/#breadcrumb\",\"itemListElement\":[{\"@type\":\"ListItem\",\"position\":1,\"name\":\"Strona g\u0142\u00f3wna\",\"item\":\"https:\/\/roxana-sukienki.pl\/\"},{\"@type\":\"ListItem\",\"position\":2,\"name\":\"Kontakt\"}]},{\"@type\":\"WebSite\",\"@id\":\"https:\/\/roxana-sukienki.pl\/#website\",\"url\":\"https:\/\/roxana-sukienki.pl\/\",\"name\":\"Roxana sukienki\",\"description\":\"Polski producent odzie\u017cy dla kobiet, kt\u00f3re chc\u0105 wygl\u0105da\u0107 pi\u0119knie ka\u017cdego dnia.\",\"potentialAction\":[{\"@type\":\"SearchAction\",\"target\":{\"@type\":\"EntryPoint\",\"urlTemplate\":\"https:\/\/roxana-sukienki.pl\/?s={search_term_string}\"},\"query-input\":\"required name=search_term_string\"}],\"inLanguage\":\"en-US\"}]}<\/script>\n<!-- \/ Yoast SEO plugin. -->","yoast_head_json":{"title":"Kontakt - Roxana sukienki","robots":{"index":"index","follow":"follow","max-snippet":"max-snippet:-1","max-image-preview":"max-image-preview:large","max-video-preview":"max-video-preview:-1"},"canonical":"https:\/\/roxana-sukienki.pl\/kontakt\/","og_locale":"en_US","og_type":"article","og_title":"[:pl]Kontakt[:en]Kontakt[:] - Roxana sukienki","og_description":"[vc_row fullwidth=&#8221;1&#8243;][vc_column][vc_gmaps link=&#8221;#E-8_JTNDaWZyYW1lJTIwc3JjJTNEJTIyaHR0cHMlM0ElMkYlMkZ3d3cuZ29vZ2xlLmNvbSUyRm1hcHMlMkZlbWJlZCUzRnBiJTNEJTIxMW0xOCUyMTFtMTIlMjExbTMlMjExZDQ5ODk2LjM0OTI4MDI3OTAzJTIxMmQxOS40ODA5MDE3NDUzMTkzMSUyMTNkNTEuNjU2Njg0NTMxODg3NTElMjEybTMlMjExZjAlMjEyZjAlMjEzZjAlMjEzbTIlMjExaTEwMjQlMjEyaTc2OCUyMTRmMTMuMSUyMTNtMyUyMTFtMiUyMTFzMHg0NzFhMzE2ZDIxYzJlYWQ5JTI1M0EweGViZTZmYmQ3MTFlOTBmNTIlMjEyc1J6ZW1pZSUyNUM1JTI1OUJsbmljemElMkIzNSUyNTJDJTJCOTUtMDMwJTJCUnpnJTI1QzMlMjVCM3clMjE1ZTAlMjEzbTIlMjExc3BsJTIxMnNwbCUyMTR2MTU1NjAzNDY4MjMxNyUyMTVtMiUyMTFzcGwlMjEyc3BsJTIyJTIwd2lkdGglM0QlMjI2MDAlMjIlMjBoZWlnaHQlM0QlMjI0NTAlMjIlMjBmcmFtZWJvcmRlciUzRCUyMjAlMjIlMjBzdHlsZSUzRCUyMmJvcmRlciUzQTAlMjIlMjBhbGxvd2Z1bGxzY3JlZW4lM0UlM0MlMkZpZnJhbWUlM0U=&#8221;][\/vc_column][\/vc_row][vc_row el_class=&#8221;page-contacts&#8221;][vc_column width=&#8221;1\/2&#8243; css=&#8221;.vc_custom_1451917301982{padding-right: 10px !important;padding-left: 10px !important;}&#8221;][vc_wp_text title=&#8221;Contact us!&#8221;][\/vc_wp_text][\/vc_column][vc_column width=&#8221;1\/2&#8243; css=&#8221;.vc_custom_1451917293059{padding-right: 10px !important;padding-left: 10px !important;}&#8221;][vc_wp_text title=&#8221;CONTACT DETAILS&#8221;] &hellip;","og_url":"https:\/\/roxana-sukienki.pl\/en\/kontakt\/","og_site_name":"Roxana sukienki","article_modified_time":"2024-07-02T13:29:54+00:00","twitter_card":"summary_large_image","twitter_misc":{"Est. reading time":"2 minutes"},"schema":{"@context":"https:\/\/schema.org","@graph":[{"@type":"WebPage","@id":"https:\/\/roxana-sukienki.pl\/kontakt\/","url":"https:\/\/roxana-sukienki.pl\/kontakt\/","name":"Kontakt","isPartOf":{"@id":"https:\/\/roxana-sukienki.pl\/#website"},"datePublished":"2016-01-02T01:58:11+00:00","dateModified":"2024-07-02T13:29:54+00:00","breadcrumb":{"@id":"https:\/\/roxana-sukienki.pl\/kontakt\/#breadcrumb"},"inLanguage":"en-US","potentialAction":[{"@type":"ReadAction","target":["https:\/\/roxana-sukienki.pl\/kontakt\/"]}]},{"@type":"BreadcrumbList","@id":"https:\/\/roxana-sukienki.pl\/kontakt\/#breadcrumb","itemListElement":[{"@type":"ListItem","position":1,"name":"Strona g\u0142\u00f3wna","item":"https:\/\/roxana-sukienki.pl\/"},{"@type":"ListItem","position":2,"name":"Kontakt"}]},{"@type":"WebSite","@id":"https:\/\/roxana-sukienki.pl\/#website","url":"https:\/\/roxana-sukienki.pl\/","name":"Roxana sukienki","description":"Polski producent odzie\u017cy dla kobiet, kt\u00f3re chc\u0105 wygl\u0105da\u0107 pi\u0119knie ka\u017cdego dnia.","potentialAction":[{"@type":"SearchAction","target":{"@type":"EntryPoint","urlTemplate":"https:\/\/roxana-sukienki.pl\/?s={search_term_string}"},"query-input":"required name=search_term_string"}],"inLanguage":"en-US"}]}},"_links":{"self":[{"href":"https:\/\/roxana-sukienki.pl\/en\/wp-json\/wp\/v2\/pages\/469"}],"collection":[{"href":"https:\/\/roxana-sukienki.pl\/en\/wp-json\/wp\/v2\/pages"}],"about":[{"href":"https:\/\/roxana-sukienki.pl\/en\/wp-json\/wp\/v2\/types\/page"}],"author":[{"embeddable":true,"href":"https:\/\/roxana-sukienki.pl\/en\/wp-json\/wp\/v2\/users\/1"}],"replies":[{"embeddable":true,"href":"https:\/\/roxana-sukienki.pl\/en\/wp-json\/wp\/v2\/comments?post=469"}],"version-history":[{"count":23,"href":"https:\/\/roxana-sukienki.pl\/en\/wp-json\/wp\/v2\/pages\/469\/revisions"}],"predecessor-version":[{"id":2284,"href":"https:\/\/roxana-sukienki.pl\/en\/wp-json\/wp\/v2\/pages\/469\/revisions\/2284"}],"wp:attachment":[{"href":"https:\/\/roxana-sukienki.pl\/en\/wp-json\/wp\/v2\/media?parent=469"}],"curies":[{"name":"wp","href":"https:\/\/api.w.org\/{rel}","templated":true}]}}