{"id":1054,"date":"2019-04-19T12:18:08","date_gmt":"2019-04-19T10:18:08","guid":{"rendered":"http:\/\/roxana.viralcode.pl\/?page_id=1054"},"modified":"2026-02-17T11:20:01","modified_gmt":"2026-02-17T10:20:01","slug":"sezonowe","status":"publish","type":"page","link":"https:\/\/roxana-sukienki.pl\/en\/kolekcje\/sezonowe\/","title":{"rendered":"Sezonowe"},"content":{"rendered":"[vc_row][vc_column][vc_separator color=&#8221;white&#8221;][\/vc_column][\/vc_row][vc_row][vc_column][vc_column_text]\n<h3 style=\"text-align: center;\"><span style=\"color: #000000;\">Seasonal dresses<br \/>\n<\/span><\/h3>\n[\/vc_column_text][\/vc_column][\/vc_row][vc_row][vc_column][vc_column_text]\n<p style=\"text-align: center;\">Dress is a great idea for an outfit regardless of a weather or season. Roxana brand was created, as a real passion for designing, and love to dresses. For over two decades we produce women\u2019s wear for ladies of different age. We look for inspirations for designs in the world of fashion. Our seasonal dresses are one of a kind. In design we combine original trends from the world of fashion with cuts fitted for the women\u2019s body. Customers that are fascinated by fashion, freshen up their wardrobe every few months. They choose styles and colours en vouge. We upgrade our seasonal styles all the time, so that in our store, our clients would be able to find dresses tailored to their needs. Seasonal dresses with Roxana tag, fit perfectly into everyday outfits, as well as special occasions.<\/p>\n[\/vc_column_text][\/vc_column][\/vc_row][vc_row][vc_column css=&#8221;.vc_custom_1556032115476{margin-top: 48px !important;margin-bottom: 48px !important;}&#8221;][vc_media_grid style=&#8221;lazy&#8221; items_per_page=&#8221;12&#8243; element_width=&#8221;3&#8243; item=&#8221;masonryMedia_Default&#8221; grid_id=&#8221;vc_gid:1560869448112-df7568d5-27fc-7&#8243; include=&#8221;1381,1382,1383,1384,1385,1386,1387,1388,1389,1390,1391,1392,1393,1394,1395,1396,1397,1398,1399,1400,1401,1402,1403,1404,1405,1406,1407,1408,1409,1410,1411,1412,1413,1414,1415,1416,1417,1418,1419,1420,1421,1422,1423,1424,1425,1426,1427,1428,1429,1430,1431,1432,1433,1434,1435&#8243;][\/vc_column][\/vc_row]\n","protected":false},"excerpt":{"rendered":"<p>[vc_row][vc_column][vc_separator color=&#8221;white&#8221;][\/vc_column][\/vc_row][vc_row][vc_column][vc_column_text] Seasonal dresses [\/vc_column_text][\/vc_column][\/vc_row][vc_row][vc_column][vc_column_text] Dress is a great idea for an outfit regardless of a weather or season. Roxana &hellip;<\/p>\n","protected":false},"author":1,"featured_media":0,"parent":1048,"menu_order":0,"comment_status":"closed","ping_status":"closed","template":"page-templates\/page-template.php","meta":{"footnotes":""},"class_list":["post-1054","page","type-page","status-publish","hentry"],"yoast_head":"<!-- This site is optimized with the Yoast SEO plugin v23.1 - https:\/\/yoast.com\/wordpress\/plugins\/seo\/ -->\n<title>Sezonowe - Roxana sukienki<\/title>\n<meta name=\"robots\" content=\"index, follow, max-snippet:-1, max-image-preview:large, max-video-preview:-1\" \/>\n<link rel=\"canonical\" href=\"https:\/\/roxana-sukienki.pl\/kolekcje\/sezonowe\/\" \/>\n<meta property=\"og:locale\" content=\"en_US\" \/>\n<meta property=\"og:locale:alternate\" content=\"pl_PL\" \/>\n<meta property=\"og:type\" content=\"article\" \/>\n<meta property=\"og:title\" content=\"Sezonowe\" \/>\n<meta property=\"og:description\" content=\"[vc_row][vc_column][vc_separator color=&#8221;white&#8221;][\/vc_column][\/vc_row][vc_row][vc_column][vc_column_text] Seasonal dresses [\/vc_column_text][\/vc_column][\/vc_row][vc_row][vc_column][vc_column_text] Dress is a great idea for an outfit regardless of a weather or season. Roxana &hellip;\" \/>\n<meta property=\"og:url\" content=\"https:\/\/roxana-sukienki.pl\/en\/kolekcje\/sezonowe\/\" \/>\n<meta property=\"og:site_name\" content=\"Roxana sukienki\" \/>\n<meta property=\"article:modified_time\" content=\"2026-02-17T10:20:01+00:00\" \/>\n<meta name=\"twitter:card\" content=\"summary_large_image\" \/>\n<meta name=\"twitter:label1\" content=\"Est. reading time\" \/>\n\t<meta name=\"twitter:data1\" content=\"1 minute\" \/>\n<script type=\"application\/ld+json\" class=\"yoast-schema-graph\">{\"@context\":\"https:\/\/schema.org\",\"@graph\":[{\"@type\":\"WebPage\",\"@id\":\"https:\/\/roxana-sukienki.pl\/kolekcje\/sezonowe\/\",\"url\":\"https:\/\/roxana-sukienki.pl\/kolekcje\/sezonowe\/\",\"name\":\"Sezonowe\",\"isPartOf\":{\"@id\":\"https:\/\/roxana-sukienki.pl\/#website\"},\"datePublished\":\"2019-04-19T10:18:08+00:00\",\"dateModified\":\"2026-02-17T10:20:01+00:00\",\"breadcrumb\":{\"@id\":\"https:\/\/roxana-sukienki.pl\/kolekcje\/sezonowe\/#breadcrumb\"},\"inLanguage\":\"en-US\",\"potentialAction\":[{\"@type\":\"ReadAction\",\"target\":[\"https:\/\/roxana-sukienki.pl\/kolekcje\/sezonowe\/\"]}]},{\"@type\":\"BreadcrumbList\",\"@id\":\"https:\/\/roxana-sukienki.pl\/kolekcje\/sezonowe\/#breadcrumb\",\"itemListElement\":[{\"@type\":\"ListItem\",\"position\":1,\"name\":\"Strona g\u0142\u00f3wna\",\"item\":\"https:\/\/roxana-sukienki.pl\/\"},{\"@type\":\"ListItem\",\"position\":2,\"name\":\"Kolekcje\",\"item\":\"https:\/\/roxana-sukienki.pl\/kolekcje\/\"},{\"@type\":\"ListItem\",\"position\":3,\"name\":\"Sezonowe\"}]},{\"@type\":\"WebSite\",\"@id\":\"https:\/\/roxana-sukienki.pl\/#website\",\"url\":\"https:\/\/roxana-sukienki.pl\/\",\"name\":\"Roxana sukienki\",\"description\":\"Polski producent odzie\u017cy dla kobiet, kt\u00f3re chc\u0105 wygl\u0105da\u0107 pi\u0119knie ka\u017cdego dnia.\",\"potentialAction\":[{\"@type\":\"SearchAction\",\"target\":{\"@type\":\"EntryPoint\",\"urlTemplate\":\"https:\/\/roxana-sukienki.pl\/?s={search_term_string}\"},\"query-input\":\"required name=search_term_string\"}],\"inLanguage\":\"en-US\"}]}<\/script>\n<!-- \/ Yoast SEO plugin. -->","yoast_head_json":{"title":"Sezonowe - Roxana sukienki","robots":{"index":"index","follow":"follow","max-snippet":"max-snippet:-1","max-image-preview":"max-image-preview:large","max-video-preview":"max-video-preview:-1"},"canonical":"https:\/\/roxana-sukienki.pl\/kolekcje\/sezonowe\/","og_locale":"en_US","og_type":"article","og_title":"[:pl]Sezonowe[:en]Sezonowe[:] - Roxana sukienki","og_description":"[vc_row][vc_column][vc_separator color=&#8221;white&#8221;][\/vc_column][\/vc_row][vc_row][vc_column][vc_column_text] Seasonal dresses [\/vc_column_text][\/vc_column][\/vc_row][vc_row][vc_column][vc_column_text] Dress is a great idea for an outfit regardless of a weather or season. Roxana &hellip;","og_url":"https:\/\/roxana-sukienki.pl\/en\/kolekcje\/sezonowe\/","og_site_name":"Roxana sukienki","article_modified_time":"2026-02-17T10:20:01+00:00","twitter_card":"summary_large_image","twitter_misc":{"Est. reading time":"1 minute"},"schema":{"@context":"https:\/\/schema.org","@graph":[{"@type":"WebPage","@id":"https:\/\/roxana-sukienki.pl\/kolekcje\/sezonowe\/","url":"https:\/\/roxana-sukienki.pl\/kolekcje\/sezonowe\/","name":"Sezonowe","isPartOf":{"@id":"https:\/\/roxana-sukienki.pl\/#website"},"datePublished":"2019-04-19T10:18:08+00:00","dateModified":"2026-02-17T10:20:01+00:00","breadcrumb":{"@id":"https:\/\/roxana-sukienki.pl\/kolekcje\/sezonowe\/#breadcrumb"},"inLanguage":"en-US","potentialAction":[{"@type":"ReadAction","target":["https:\/\/roxana-sukienki.pl\/kolekcje\/sezonowe\/"]}]},{"@type":"BreadcrumbList","@id":"https:\/\/roxana-sukienki.pl\/kolekcje\/sezonowe\/#breadcrumb","itemListElement":[{"@type":"ListItem","position":1,"name":"Strona g\u0142\u00f3wna","item":"https:\/\/roxana-sukienki.pl\/"},{"@type":"ListItem","position":2,"name":"Kolekcje","item":"https:\/\/roxana-sukienki.pl\/kolekcje\/"},{"@type":"ListItem","position":3,"name":"Sezonowe"}]},{"@type":"WebSite","@id":"https:\/\/roxana-sukienki.pl\/#website","url":"https:\/\/roxana-sukienki.pl\/","name":"Roxana sukienki","description":"Polski producent odzie\u017cy dla kobiet, kt\u00f3re chc\u0105 wygl\u0105da\u0107 pi\u0119knie ka\u017cdego dnia.","potentialAction":[{"@type":"SearchAction","target":{"@type":"EntryPoint","urlTemplate":"https:\/\/roxana-sukienki.pl\/?s={search_term_string}"},"query-input":"required name=search_term_string"}],"inLanguage":"en-US"}]}},"_links":{"self":[{"href":"https:\/\/roxana-sukienki.pl\/en\/wp-json\/wp\/v2\/pages\/1054"}],"collection":[{"href":"https:\/\/roxana-sukienki.pl\/en\/wp-json\/wp\/v2\/pages"}],"about":[{"href":"https:\/\/roxana-sukienki.pl\/en\/wp-json\/wp\/v2\/types\/page"}],"author":[{"embeddable":true,"href":"https:\/\/roxana-sukienki.pl\/en\/wp-json\/wp\/v2\/users\/1"}],"replies":[{"embeddable":true,"href":"https:\/\/roxana-sukienki.pl\/en\/wp-json\/wp\/v2\/comments?post=1054"}],"version-history":[{"count":7,"href":"https:\/\/roxana-sukienki.pl\/en\/wp-json\/wp\/v2\/pages\/1054\/revisions"}],"predecessor-version":[{"id":1539,"href":"https:\/\/roxana-sukienki.pl\/en\/wp-json\/wp\/v2\/pages\/1054\/revisions\/1539"}],"up":[{"embeddable":true,"href":"https:\/\/roxana-sukienki.pl\/en\/wp-json\/wp\/v2\/pages\/1048"}],"wp:attachment":[{"href":"https:\/\/roxana-sukienki.pl\/en\/wp-json\/wp\/v2\/media?parent=1054"}],"curies":[{"name":"wp","href":"https:\/\/api.w.org\/{rel}","templated":true}]}}